{"id":57,"date":"2023-04-07T14:16:43","date_gmt":"2023-04-07T12:16:43","guid":{"rendered":"https:\/\/activites-ariege.com\/?page_id=57"},"modified":"2025-07-09T17:38:18","modified_gmt":"2025-07-09T15:38:18","slug":"festivites-et-evenements","status":"publish","type":"page","link":"https:\/\/activites-ariege.com\/index.php\/festivites-et-evenements\/","title":{"rendered":"Festivit\u00e9s &#038; \u00c9v\u00e9nements"},"content":{"rendered":"\t\t<div data-elementor-type=\"wp-page\" data-elementor-id=\"57\" class=\"elementor elementor-57\">\n\t\t\t\t\t\t<section class=\"elementor-section elementor-top-section elementor-element elementor-element-71840a4 elementor-section-boxed elementor-section-height-default elementor-section-height-default wpr-particle-no wpr-jarallax-no wpr-parallax-no wpr-sticky-section-no\" data-id=\"71840a4\" data-element_type=\"section\" data-e-type=\"section\" data-settings=\"{&quot;animation&quot;:&quot;none&quot;}\">\n\t\t\t\t\t\t<div class=\"elementor-container elementor-column-gap-extended\">\n\t\t\t\t\t<div class=\"elementor-column elementor-col-100 elementor-top-column elementor-element elementor-element-7d24cc8\" data-id=\"7d24cc8\" data-element_type=\"column\" data-e-type=\"column\">\n\t\t\t<div class=\"elementor-widget-wrap elementor-element-populated\">\n\t\t\t\t\t\t<div class=\"elementor-element elementor-element-05bb1c1 wpr-grid-columns-3 wpr-grid-columns--tablet2 wpr-grid-columns--mobile1 wpr-grid-pagination-center wpr-item-styles-inner elementor-widget elementor-widget-wpr-grid\" data-id=\"05bb1c1\" data-element_type=\"widget\" data-e-type=\"widget\" data-widget_type=\"wpr-grid.default\">\n\t\t\t\t<div class=\"elementor-widget-container\">\n\t\t\t\t\t<ul class=\"wpr-grid-filters elementor-clearfix wpr-grid-filters-sep-right\"><li class=\" wpr-pointer-none wpr-pointer-line-fx wpr-pointer-fx-none\"><span  data-filter=\"*\" class=\"wpr-grid-filters-item wpr-active-filter \">All Post<\/span><em class=\"wpr-grid-filters-sep\"><\/em><\/li><li class=\" wpr-pointer-none wpr-pointer-line-fx wpr-pointer-fx-none\"><span   data-ajax-filter=[\"category\",\"festivites-et-evenements\"]  data-filter=\".category-festivites-et-evenements\">Festivit\u00e9s et \u00c9v\u00e9nements<\/span><em class=\"wpr-grid-filters-sep\"><\/em><\/li><\/ul><section class=\"wpr-grid elementor-clearfix\" data-settings=\"{&quot;layout&quot;:&quot;fitRows&quot;,&quot;stick_last_element_to_bottom&quot;:&quot;&quot;,&quot;columns_desktop&quot;:3,&quot;gutter_hr&quot;:30,&quot;gutter_hr_mobile&quot;:30,&quot;gutter_hr_mobile_extra&quot;:30,&quot;gutter_hr_tablet&quot;:30,&quot;gutter_hr_tablet_extra&quot;:30,&quot;gutter_hr_laptop&quot;:30,&quot;gutter_hr_widescreen&quot;:30,&quot;gutter_vr&quot;:30,&quot;gutter_vr_mobile&quot;:30,&quot;gutter_vr_mobile_extra&quot;:30,&quot;gutter_vr_tablet&quot;:30,&quot;gutter_vr_tablet_extra&quot;:30,&quot;gutter_vr_laptop&quot;:30,&quot;gutter_vr_widescreen&quot;:30,&quot;animation&quot;:&quot;default&quot;,&quot;animation_duration&quot;:0.3,&quot;animation_delay&quot;:0.1,&quot;deeplinking&quot;:&quot;&quot;,&quot;filters_linkable&quot;:&quot;no&quot;,&quot;filters_default_filter&quot;:&quot;&quot;,&quot;filters_count&quot;:&quot;&quot;,&quot;filters_hide_empty&quot;:&quot;no&quot;,&quot;filters_animation&quot;:&quot;default&quot;,&quot;filters_animation_duration&quot;:0.3,&quot;filters_animation_delay&quot;:0.1,&quot;pagination_type&quot;:&quot;load-more&quot;,&quot;pagination_max_pages&quot;:1,&quot;lightbox&quot;:{&quot;selector&quot;:&quot;.wpr-grid-image-wrap&quot;,&quot;iframeMaxWidth&quot;:&quot;60%&quot;,&quot;hash&quot;:false,&quot;autoplay&quot;:&quot;true&quot;,&quot;pause&quot;:5000,&quot;progressBar&quot;:&quot;true&quot;,&quot;counter&quot;:&quot;true&quot;,&quot;controls&quot;:&quot;true&quot;,&quot;getCaptionFromTitleOrAlt&quot;:&quot;true&quot;,&quot;thumbnail&quot;:&quot;&quot;,&quot;showThumbByDefault&quot;:&quot;&quot;,&quot;share&quot;:&quot;&quot;,&quot;zoom&quot;:&quot;true&quot;,&quot;fullScreen&quot;:&quot;true&quot;,&quot;download&quot;:&quot;true&quot;}}\" data-advanced-filters=\"no\"><article class=\"wpr-grid-item elementor-clearfix post-1665 post type-post status-publish format-standard has-post-thumbnail hentry category-festivites-et-evenements\"><div class=\"wpr-grid-item-inner\"><div class=\"wpr-grid-media-wrap wpr-effect-size-medium \" data-overlay-link=\"yes\"><div class=\"wpr-grid-image-wrap\" data-src=\"https:\/\/activites-ariege.com\/wp-content\/uploads\/2025\/07\/miniature-laines-paysannes.jpg\" data-img-on-hover=\"\"  data-src-secondary=\"\"><img decoding=\"async\" data-no-lazy=\"1\" src=\"https:\/\/activites-ariege.com\/wp-content\/uploads\/2025\/07\/miniature-laines-paysannes.jpg\" alt=\"laines Paysannes miniature\" class=\"wpr-anim-timing-ease-default\"><\/div><div class=\"wpr-grid-media-hover wpr-animation-wrap\"><div class=\"wpr-grid-media-hover-bg  wpr-overlay-fade-in wpr-anim-size-large wpr-anim-timing-ease-default wpr-anim-transparency\" data-url=\"https:\/\/activites-ariege.com\/index.php\/2025\/07\/09\/laines-paysannes\/\"><\/div><\/div><\/div><div class=\"wpr-grid-item-below-content elementor-clearfix\"><h2 class=\"wpr-grid-item-title elementor-repeater-item-596e0c2 wpr-grid-item-display-custom wpr-grid-item-align-center wpr-pointer-none wpr-pointer-line-fx wpr-pointer-fx-fade\"><div class=\"inner-block\"><a target=\"_self\"  href=\"https:\/\/activites-ariege.com\/index.php\/2025\/07\/09\/laines-paysannes\/\">Laines Paysannes<\/a><\/div><\/h2><div class=\"wpr-grid-item-excerpt elementor-repeater-item-8ae6d02 wpr-grid-item-display-block wpr-grid-item-align-left\"><div class=\"inner-block\"><p>Laines Paysannes vous invite \u00e0 renouer avec la nature en vous proposant des v\u00eatements, accessoires et produits de...<\/p><\/div><\/div><div class=\"wpr-grid-item-read-more elementor-repeater-item-7e8aa42 wpr-grid-item-display-block wpr-grid-item-align-right\"><div class=\"inner-block\"><a target=\"_self\" href=\"https:\/\/activites-ariege.com\/index.php\/2025\/07\/09\/laines-paysannes\/\" class=\"wpr-button-effect wpr-button-none\"><span>D\u00e9couvrir<\/span><\/a><\/div><\/div><\/div><\/div><\/article><\/section>\t\t\t\t<\/div>\n\t\t\t\t<\/div>\n\t\t\t\t\t<\/div>\n\t\t<\/div>\n\t\t\t\t\t<\/div>\n\t\t<\/section>\n\t\t\t\t<\/div>\n\t\t","protected":false},"excerpt":{"rendered":"<p>All Post Festivit\u00e9s et \u00c9v\u00e9nements Laines Paysannes Laines Paysannes vous invite \u00e0 renouer avec la nature en vous proposant des v\u00eatements, accessoires et produits de&#8230; D\u00e9couvrir<\/p>\n","protected":false},"author":1,"featured_media":0,"parent":0,"menu_order":0,"comment_status":"closed","ping_status":"closed","template":"","meta":{"site-sidebar-layout":"no-sidebar","site-content-layout":"page-builder","ast-site-content-layout":"full-width-container","site-content-style":"unboxed","site-sidebar-style":"unboxed","ast-global-header-display":"","ast-banner-title-visibility":"","ast-main-header-display":"","ast-hfb-above-header-display":"","ast-hfb-below-header-display":"","ast-hfb-mobile-header-display":"","site-post-title":"","ast-breadcrumbs-content":"","ast-featured-img":"disabled","footer-sml-layout":"","ast-disable-related-posts":"","theme-transparent-header-meta":"","adv-header-id-meta":"","stick-header-meta":"","header-above-stick-meta":"","header-main-stick-meta":"","header-below-stick-meta":"","astra-migrate-meta-layouts":"set","ast-page-background-enabled":"default","ast-page-background-meta":{"desktop":{"background-color":"var(--ast-global-color-4)","background-image":"","background-repeat":"repeat","background-position":"center center","background-size":"auto","background-attachment":"scroll","background-type":"","background-media":"","overlay-type":"","overlay-color":"","overlay-opacity":"","overlay-gradient":""},"tablet":{"background-color":"","background-image":"","background-repeat":"repeat","background-position":"center center","background-size":"auto","background-attachment":"scroll","background-type":"","background-media":"","overlay-type":"","overlay-color":"","overlay-opacity":"","overlay-gradient":""},"mobile":{"background-color":"","background-image":"","background-repeat":"repeat","background-position":"center center","background-size":"auto","background-attachment":"scroll","background-type":"","background-media":"","overlay-type":"","overlay-color":"","overlay-opacity":"","overlay-gradient":""}},"ast-content-background-meta":{"desktop":{"background-color":"var(--ast-global-color-5)","background-image":"","background-repeat":"repeat","background-position":"center center","background-size":"auto","background-attachment":"scroll","background-type":"","background-media":"","overlay-type":"","overlay-color":"","overlay-opacity":"","overlay-gradient":""},"tablet":{"background-color":"var(--ast-global-color-5)","background-image":"","background-repeat":"repeat","background-position":"center center","background-size":"auto","background-attachment":"scroll","background-type":"","background-media":"","overlay-type":"","overlay-color":"","overlay-opacity":"","overlay-gradient":""},"mobile":{"background-color":"var(--ast-global-color-5)","background-image":"","background-repeat":"repeat","background-position":"center center","background-size":"auto","background-attachment":"scroll","background-type":"","background-media":"","overlay-type":"","overlay-color":"","overlay-opacity":"","overlay-gradient":""}},"footnotes":""},"class_list":["post-57","page","type-page","status-publish","hentry"],"yoast_head":"<!-- This site is optimized with the Yoast SEO plugin v27.3 - https:\/\/yoast.com\/product\/yoast-seo-wordpress\/ -->\n<title>Festivit\u00e9s &amp; \u00c9v\u00e9nements - Activit\u00e9s Ari\u00e8ge - Agenda des f\u00eates et \u00e9v\u00e9nements<\/title>\n<meta name=\"description\" content=\"Festivit\u00e9s &amp; Ev\u00e9nement - D\u00e9couvrez les dates des \u00e9l\u00e9ments pour d\u00e9couvrir les folklore local ari\u00e9geois ! Retrouvez l&#039;agenda complet.\" \/>\n<meta name=\"robots\" content=\"index, follow, max-snippet:-1, max-image-preview:large, max-video-preview:-1\" \/>\n<link rel=\"canonical\" href=\"https:\/\/activites-ariege.com\/index.php\/festivites-et-evenements\/\" \/>\n<meta property=\"og:locale\" content=\"fr_FR\" \/>\n<meta property=\"og:type\" content=\"article\" \/>\n<meta property=\"og:title\" content=\"Festivit\u00e9s &amp; \u00c9v\u00e9nements - Activit\u00e9s Ari\u00e8ge - Agenda des f\u00eates et \u00e9v\u00e9nements\" \/>\n<meta property=\"og:description\" content=\"Festivit\u00e9s &amp; Ev\u00e9nement - D\u00e9couvrez les dates des \u00e9l\u00e9ments pour d\u00e9couvrir les folklore local ari\u00e9geois ! Retrouvez l&#039;agenda complet.\" \/>\n<meta property=\"og:url\" content=\"https:\/\/activites-ariege.com\/index.php\/festivites-et-evenements\/\" \/>\n<meta property=\"og:site_name\" content=\"Activit\u00e9s Ari\u00e8ge\" \/>\n<meta property=\"article:modified_time\" content=\"2025-07-09T15:38:18+00:00\" \/>\n<meta property=\"og:image\" content=\"https:\/\/activites-ariege.com\/wp-content\/uploads\/2025\/07\/miniature-laines-paysannes.jpg\" \/>\n<meta name=\"twitter:card\" content=\"summary_large_image\" \/>\n<meta name=\"twitter:label1\" content=\"Dur\u00e9e de lecture estim\u00e9e\" \/>\n\t<meta name=\"twitter:data1\" content=\"1 minute\" \/>\n<script type=\"application\/ld+json\" class=\"yoast-schema-graph\">{\"@context\":\"https:\\\/\\\/schema.org\",\"@graph\":[{\"@type\":\"WebPage\",\"@id\":\"https:\\\/\\\/activites-ariege.com\\\/index.php\\\/festivites-et-evenements\\\/\",\"url\":\"https:\\\/\\\/activites-ariege.com\\\/index.php\\\/festivites-et-evenements\\\/\",\"name\":\"Festivit\u00e9s & \u00c9v\u00e9nements - Activit\u00e9s Ari\u00e8ge - Agenda des f\u00eates et \u00e9v\u00e9nements\",\"isPartOf\":{\"@id\":\"https:\\\/\\\/activites-ariege.com\\\/#website\"},\"primaryImageOfPage\":{\"@id\":\"https:\\\/\\\/activites-ariege.com\\\/index.php\\\/festivites-et-evenements\\\/#primaryimage\"},\"image\":{\"@id\":\"https:\\\/\\\/activites-ariege.com\\\/index.php\\\/festivites-et-evenements\\\/#primaryimage\"},\"thumbnailUrl\":\"https:\\\/\\\/activites-ariege.com\\\/wp-content\\\/uploads\\\/2025\\\/07\\\/miniature-laines-paysannes.jpg\",\"datePublished\":\"2023-04-07T12:16:43+00:00\",\"dateModified\":\"2025-07-09T15:38:18+00:00\",\"description\":\"Festivit\u00e9s & Ev\u00e9nement - D\u00e9couvrez les dates des \u00e9l\u00e9ments pour d\u00e9couvrir les folklore local ari\u00e9geois ! Retrouvez l'agenda complet.\",\"breadcrumb\":{\"@id\":\"https:\\\/\\\/activites-ariege.com\\\/index.php\\\/festivites-et-evenements\\\/#breadcrumb\"},\"inLanguage\":\"fr-FR\",\"potentialAction\":[{\"@type\":\"ReadAction\",\"target\":[\"https:\\\/\\\/activites-ariege.com\\\/index.php\\\/festivites-et-evenements\\\/\"]}]},{\"@type\":\"ImageObject\",\"inLanguage\":\"fr-FR\",\"@id\":\"https:\\\/\\\/activites-ariege.com\\\/index.php\\\/festivites-et-evenements\\\/#primaryimage\",\"url\":\"https:\\\/\\\/activites-ariege.com\\\/wp-content\\\/uploads\\\/2025\\\/07\\\/miniature-laines-paysannes.jpg\",\"contentUrl\":\"https:\\\/\\\/activites-ariege.com\\\/wp-content\\\/uploads\\\/2025\\\/07\\\/miniature-laines-paysannes.jpg\",\"width\":360,\"height\":250,\"caption\":\"laines Paysannes miniature\"},{\"@type\":\"BreadcrumbList\",\"@id\":\"https:\\\/\\\/activites-ariege.com\\\/index.php\\\/festivites-et-evenements\\\/#breadcrumb\",\"itemListElement\":[{\"@type\":\"ListItem\",\"position\":1,\"name\":\"Accueil\",\"item\":\"https:\\\/\\\/activites-ariege.com\\\/\"},{\"@type\":\"ListItem\",\"position\":2,\"name\":\"Festivit\u00e9s &#038; \u00c9v\u00e9nements\"}]},{\"@type\":\"WebSite\",\"@id\":\"https:\\\/\\\/activites-ariege.com\\\/#website\",\"url\":\"https:\\\/\\\/activites-ariege.com\\\/\",\"name\":\"Activit\u00e9s Ari\u00e8ge\",\"description\":\"D\u00e9couvrez tout ce que l&#039;Ari\u00e8ge peut vous offrir !\",\"publisher\":{\"@id\":\"https:\\\/\\\/activites-ariege.com\\\/#organization\"},\"potentialAction\":[{\"@type\":\"SearchAction\",\"target\":{\"@type\":\"EntryPoint\",\"urlTemplate\":\"https:\\\/\\\/activites-ariege.com\\\/?s={search_term_string}\"},\"query-input\":{\"@type\":\"PropertyValueSpecification\",\"valueRequired\":true,\"valueName\":\"search_term_string\"}}],\"inLanguage\":\"fr-FR\"},{\"@type\":\"Organization\",\"@id\":\"https:\\\/\\\/activites-ariege.com\\\/#organization\",\"name\":\"Activit\u00e9s Ari\u00e8ge\",\"url\":\"https:\\\/\\\/activites-ariege.com\\\/\",\"logo\":{\"@type\":\"ImageObject\",\"inLanguage\":\"fr-FR\",\"@id\":\"https:\\\/\\\/activites-ariege.com\\\/#\\\/schema\\\/logo\\\/image\\\/\",\"url\":\"https:\\\/\\\/activites-ariege.com\\\/wp-content\\\/uploads\\\/2023\\\/07\\\/cropped-Logo-DocsenStock-Moderne-white.png\",\"contentUrl\":\"https:\\\/\\\/activites-ariege.com\\\/wp-content\\\/uploads\\\/2023\\\/07\\\/cropped-Logo-DocsenStock-Moderne-white.png\",\"width\":180,\"height\":112,\"caption\":\"Activit\u00e9s Ari\u00e8ge\"},\"image\":{\"@id\":\"https:\\\/\\\/activites-ariege.com\\\/#\\\/schema\\\/logo\\\/image\\\/\"}}]}<\/script>\n<!-- \/ Yoast SEO plugin. -->","yoast_head_json":{"title":"Festivit\u00e9s & \u00c9v\u00e9nements - Activit\u00e9s Ari\u00e8ge - Agenda des f\u00eates et \u00e9v\u00e9nements","description":"Festivit\u00e9s & Ev\u00e9nement - D\u00e9couvrez les dates des \u00e9l\u00e9ments pour d\u00e9couvrir les folklore local ari\u00e9geois ! Retrouvez l'agenda complet.","robots":{"index":"index","follow":"follow","max-snippet":"max-snippet:-1","max-image-preview":"max-image-preview:large","max-video-preview":"max-video-preview:-1"},"canonical":"https:\/\/activites-ariege.com\/index.php\/festivites-et-evenements\/","og_locale":"fr_FR","og_type":"article","og_title":"Festivit\u00e9s & \u00c9v\u00e9nements - Activit\u00e9s Ari\u00e8ge - Agenda des f\u00eates et \u00e9v\u00e9nements","og_description":"Festivit\u00e9s & Ev\u00e9nement - D\u00e9couvrez les dates des \u00e9l\u00e9ments pour d\u00e9couvrir les folklore local ari\u00e9geois ! Retrouvez l'agenda complet.","og_url":"https:\/\/activites-ariege.com\/index.php\/festivites-et-evenements\/","og_site_name":"Activit\u00e9s Ari\u00e8ge","article_modified_time":"2025-07-09T15:38:18+00:00","og_image":[{"url":"https:\/\/activites-ariege.com\/wp-content\/uploads\/2025\/07\/miniature-laines-paysannes.jpg","type":"","width":"","height":""}],"twitter_card":"summary_large_image","twitter_misc":{"Dur\u00e9e de lecture estim\u00e9e":"1 minute"},"schema":{"@context":"https:\/\/schema.org","@graph":[{"@type":"WebPage","@id":"https:\/\/activites-ariege.com\/index.php\/festivites-et-evenements\/","url":"https:\/\/activites-ariege.com\/index.php\/festivites-et-evenements\/","name":"Festivit\u00e9s & \u00c9v\u00e9nements - Activit\u00e9s Ari\u00e8ge - Agenda des f\u00eates et \u00e9v\u00e9nements","isPartOf":{"@id":"https:\/\/activites-ariege.com\/#website"},"primaryImageOfPage":{"@id":"https:\/\/activites-ariege.com\/index.php\/festivites-et-evenements\/#primaryimage"},"image":{"@id":"https:\/\/activites-ariege.com\/index.php\/festivites-et-evenements\/#primaryimage"},"thumbnailUrl":"https:\/\/activites-ariege.com\/wp-content\/uploads\/2025\/07\/miniature-laines-paysannes.jpg","datePublished":"2023-04-07T12:16:43+00:00","dateModified":"2025-07-09T15:38:18+00:00","description":"Festivit\u00e9s & Ev\u00e9nement - D\u00e9couvrez les dates des \u00e9l\u00e9ments pour d\u00e9couvrir les folklore local ari\u00e9geois ! Retrouvez l'agenda complet.","breadcrumb":{"@id":"https:\/\/activites-ariege.com\/index.php\/festivites-et-evenements\/#breadcrumb"},"inLanguage":"fr-FR","potentialAction":[{"@type":"ReadAction","target":["https:\/\/activites-ariege.com\/index.php\/festivites-et-evenements\/"]}]},{"@type":"ImageObject","inLanguage":"fr-FR","@id":"https:\/\/activites-ariege.com\/index.php\/festivites-et-evenements\/#primaryimage","url":"https:\/\/activites-ariege.com\/wp-content\/uploads\/2025\/07\/miniature-laines-paysannes.jpg","contentUrl":"https:\/\/activites-ariege.com\/wp-content\/uploads\/2025\/07\/miniature-laines-paysannes.jpg","width":360,"height":250,"caption":"laines Paysannes miniature"},{"@type":"BreadcrumbList","@id":"https:\/\/activites-ariege.com\/index.php\/festivites-et-evenements\/#breadcrumb","itemListElement":[{"@type":"ListItem","position":1,"name":"Accueil","item":"https:\/\/activites-ariege.com\/"},{"@type":"ListItem","position":2,"name":"Festivit\u00e9s &#038; \u00c9v\u00e9nements"}]},{"@type":"WebSite","@id":"https:\/\/activites-ariege.com\/#website","url":"https:\/\/activites-ariege.com\/","name":"Activit\u00e9s Ari\u00e8ge","description":"D\u00e9couvrez tout ce que l&#039;Ari\u00e8ge peut vous offrir !","publisher":{"@id":"https:\/\/activites-ariege.com\/#organization"},"potentialAction":[{"@type":"SearchAction","target":{"@type":"EntryPoint","urlTemplate":"https:\/\/activites-ariege.com\/?s={search_term_string}"},"query-input":{"@type":"PropertyValueSpecification","valueRequired":true,"valueName":"search_term_string"}}],"inLanguage":"fr-FR"},{"@type":"Organization","@id":"https:\/\/activites-ariege.com\/#organization","name":"Activit\u00e9s Ari\u00e8ge","url":"https:\/\/activites-ariege.com\/","logo":{"@type":"ImageObject","inLanguage":"fr-FR","@id":"https:\/\/activites-ariege.com\/#\/schema\/logo\/image\/","url":"https:\/\/activites-ariege.com\/wp-content\/uploads\/2023\/07\/cropped-Logo-DocsenStock-Moderne-white.png","contentUrl":"https:\/\/activites-ariege.com\/wp-content\/uploads\/2023\/07\/cropped-Logo-DocsenStock-Moderne-white.png","width":180,"height":112,"caption":"Activit\u00e9s Ari\u00e8ge"},"image":{"@id":"https:\/\/activites-ariege.com\/#\/schema\/logo\/image\/"}}]}},"_links":{"self":[{"href":"https:\/\/activites-ariege.com\/index.php\/wp-json\/wp\/v2\/pages\/57","targetHints":{"allow":["GET"]}}],"collection":[{"href":"https:\/\/activites-ariege.com\/index.php\/wp-json\/wp\/v2\/pages"}],"about":[{"href":"https:\/\/activites-ariege.com\/index.php\/wp-json\/wp\/v2\/types\/page"}],"author":[{"embeddable":true,"href":"https:\/\/activites-ariege.com\/index.php\/wp-json\/wp\/v2\/users\/1"}],"replies":[{"embeddable":true,"href":"https:\/\/activites-ariege.com\/index.php\/wp-json\/wp\/v2\/comments?post=57"}],"version-history":[{"count":14,"href":"https:\/\/activites-ariege.com\/index.php\/wp-json\/wp\/v2\/pages\/57\/revisions"}],"predecessor-version":[{"id":1694,"href":"https:\/\/activites-ariege.com\/index.php\/wp-json\/wp\/v2\/pages\/57\/revisions\/1694"}],"wp:attachment":[{"href":"https:\/\/activites-ariege.com\/index.php\/wp-json\/wp\/v2\/media?parent=57"}],"curies":[{"name":"wp","href":"https:\/\/api.w.org\/{rel}","templated":true}]}}